{"id":23780,"date":"2025-08-22T19:29:54","date_gmt":"2025-08-22T19:29:54","guid":{"rendered":"https:\/\/duronco.com\/?post_type=product&#038;p=23780"},"modified":"2026-03-24T19:15:58","modified_gmt":"2026-03-24T19:15:58","slug":"semilla-de-linaza-golden-premium","status":"publish","type":"product","link":"https:\/\/duronco.com\/en\/product\/semilla-de-linaza-golden-premium\/","title":{"rendered":"SEMILLA DE LINAZA GOLDEN PREMIUM"},"content":{"rendered":"<p>La Semilla de Linaza Golden Premium es una variedad dorada de linaza reconocida por su suavidad de sabor, alta calidad y valor nutricional. Es una excelente fuente vegetal de \u00e1cidos grasos omega-3, fibra soluble e insoluble, antioxidantes y lignanos, compuestos asociados con beneficios digestivos y cardiovasculares.<\/p>\n<p>Puede consumirse entera, molida o remojada, y es ideal para agregar a batidos, yogures, panes, galletas o como espesante natural en recetas veganas. Su grano limpio, homog\u00e9neo y de color dorado brillante la distingue como una opci\u00f3n premium frente a otras linazas. Naturalmente libre de gluten, es un ingrediente funcional y vers\u00e1til para enriquecer la alimentaci\u00f3n diaria.<\/p>","protected":false},"excerpt":{"rendered":"<p>Semilla dorada rica en omega-3, fibra y antioxidantes. Ideal para licuados, reposter\u00eda y consumo diario.<\/p>","protected":false},"featured_media":24511,"comment_status":"closed","ping_status":"closed","template":"","meta":{"_joinchat":[]},"product_brand":[],"product_cat":[282,72],"product_tag":[],"class_list":{"0":"post-23780","1":"product","2":"type-product","3":"status-publish","4":"has-post-thumbnail","6":"product_cat-semillas-y-granos-ancestrales","7":"product_cat-todos","9":"first","10":"instock","11":"taxable","12":"shipping-taxable","13":"purchasable","14":"product-type-variable"},"_links":{"self":[{"href":"https:\/\/duronco.com\/en\/wp-json\/wp\/v2\/product\/23780","targetHints":{"allow":["GET"]}}],"collection":[{"href":"https:\/\/duronco.com\/en\/wp-json\/wp\/v2\/product"}],"about":[{"href":"https:\/\/duronco.com\/en\/wp-json\/wp\/v2\/types\/product"}],"replies":[{"embeddable":true,"href":"https:\/\/duronco.com\/en\/wp-json\/wp\/v2\/comments?post=23780"}],"wp:featuredmedia":[{"embeddable":true,"href":"https:\/\/duronco.com\/en\/wp-json\/wp\/v2\/media\/24511"}],"wp:attachment":[{"href":"https:\/\/duronco.com\/en\/wp-json\/wp\/v2\/media?parent=23780"}],"wp:term":[{"taxonomy":"product_brand","embeddable":true,"href":"https:\/\/duronco.com\/en\/wp-json\/wp\/v2\/product_brand?post=23780"},{"taxonomy":"product_cat","embeddable":true,"href":"https:\/\/duronco.com\/en\/wp-json\/wp\/v2\/product_cat?post=23780"},{"taxonomy":"product_tag","embeddable":true,"href":"https:\/\/duronco.com\/en\/wp-json\/wp\/v2\/product_tag?post=23780"}],"curies":[{"name":"wp","href":"https:\/\/api.w.org\/{rel}","templated":true}]}}