{"id":23777,"date":"2025-08-22T19:29:54","date_gmt":"2025-08-22T19:29:54","guid":{"rendered":"https:\/\/duronco.com\/?post_type=product&#038;p=23777"},"modified":"2026-03-24T19:15:58","modified_gmt":"2026-03-24T19:15:58","slug":"semilla-de-amaranto-premium","status":"publish","type":"product","link":"https:\/\/duronco.com\/en\/product\/semilla-de-amaranto-premium\/","title":{"rendered":"SEMILLA DE AMARANTO PREMIUM"},"content":{"rendered":"<p>La Semilla de Amaranto Premium es un pseudocereal milenario altamente valorado por su perfil nutricional. Rica en prote\u00ednas de alta calidad, contiene los nueve amino\u00e1cidos esenciales y es una excelente fuente de fibra, hierro, calcio y magnesio.<\/p>\n<p>Con un sabor suave y textura ligera, puede cocinarse como cereal, a\u00f1adirse a sopas, mezclas para panader\u00eda o tostarse para usar como topping en ensaladas, frutas o yogur. Tambi\u00e9n puede inflarse (pop de amaranto) para preparar snacks saludables. Naturalmente libre de gluten, es una opci\u00f3n nutritiva y vers\u00e1til para una alimentaci\u00f3n equilibrada. Esta versi\u00f3n premium se caracteriza por su grano limpio, homog\u00e9neo y de excelente rendimiento en cocina.<\/p>","protected":false},"excerpt":{"rendered":"<p>Semilla nutritiva y vers\u00e1til, rica en prote\u00edna vegetal, fibra y minerales. Ideal para cocinar o tostar.<\/p>","protected":false},"featured_media":24797,"comment_status":"closed","ping_status":"closed","template":"","meta":{"_joinchat":[]},"product_brand":[],"product_cat":[282,72],"product_tag":[],"class_list":{"0":"post-23777","1":"product","2":"type-product","3":"status-publish","4":"has-post-thumbnail","6":"product_cat-semillas-y-granos-ancestrales","7":"product_cat-todos","9":"first","10":"instock","11":"taxable","12":"shipping-taxable","13":"purchasable","14":"product-type-variable"},"_links":{"self":[{"href":"https:\/\/duronco.com\/en\/wp-json\/wp\/v2\/product\/23777","targetHints":{"allow":["GET"]}}],"collection":[{"href":"https:\/\/duronco.com\/en\/wp-json\/wp\/v2\/product"}],"about":[{"href":"https:\/\/duronco.com\/en\/wp-json\/wp\/v2\/types\/product"}],"replies":[{"embeddable":true,"href":"https:\/\/duronco.com\/en\/wp-json\/wp\/v2\/comments?post=23777"}],"wp:featuredmedia":[{"embeddable":true,"href":"https:\/\/duronco.com\/en\/wp-json\/wp\/v2\/media\/24797"}],"wp:attachment":[{"href":"https:\/\/duronco.com\/en\/wp-json\/wp\/v2\/media?parent=23777"}],"wp:term":[{"taxonomy":"product_brand","embeddable":true,"href":"https:\/\/duronco.com\/en\/wp-json\/wp\/v2\/product_brand?post=23777"},{"taxonomy":"product_cat","embeddable":true,"href":"https:\/\/duronco.com\/en\/wp-json\/wp\/v2\/product_cat?post=23777"},{"taxonomy":"product_tag","embeddable":true,"href":"https:\/\/duronco.com\/en\/wp-json\/wp\/v2\/product_tag?post=23777"}],"curies":[{"name":"wp","href":"https:\/\/api.w.org\/{rel}","templated":true}]}}