{"id":23723,"date":"2025-08-22T19:29:34","date_gmt":"2025-08-22T19:29:34","guid":{"rendered":"https:\/\/duronco.com\/?post_type=product&#038;p=23723"},"modified":"2026-04-30T18:10:52","modified_gmt":"2026-04-30T18:10:52","slug":"quinoa-blanca-perlada","status":"publish","type":"product","link":"https:\/\/duronco.com\/en\/product\/quinoa-blanca-perlada\/","title":{"rendered":"QUINOA BLANCA PERLADA"},"content":{"rendered":"<p>La Quinoa Blanca Perlada es quinoa a la que se le ha retirado la c\u00e1scara exterior, facilitando su cocci\u00f3n y digesti\u00f3n, manteniendo su alto valor nutricional. Rica en prote\u00ednas completas, fibra, vitaminas y minerales, es ideal para preparar platillos saludables como ensaladas, guisos y acompa\u00f1amientos.<\/p>\n<p>Producto 100% natural, sin aditivos ni conservantes, cuidadosamente seleccionado para garantizar calidad y frescura.<\/p>","protected":false},"excerpt":{"rendered":"<p>Grano natural sin c\u00e1scara, f\u00e1cil de cocinar y nutritivo.<\/p>","protected":false},"featured_media":24486,"comment_status":"closed","ping_status":"closed","template":"","meta":{"_joinchat":[]},"product_brand":[],"product_cat":[282,72],"product_tag":[],"class_list":{"0":"post-23723","1":"product","2":"type-product","3":"status-publish","4":"has-post-thumbnail","6":"product_cat-semillas-y-granos-ancestrales","7":"product_cat-todos","9":"first","10":"instock","11":"taxable","12":"shipping-taxable","13":"purchasable","14":"product-type-variable"},"_links":{"self":[{"href":"https:\/\/duronco.com\/en\/wp-json\/wp\/v2\/product\/23723","targetHints":{"allow":["GET"]}}],"collection":[{"href":"https:\/\/duronco.com\/en\/wp-json\/wp\/v2\/product"}],"about":[{"href":"https:\/\/duronco.com\/en\/wp-json\/wp\/v2\/types\/product"}],"replies":[{"embeddable":true,"href":"https:\/\/duronco.com\/en\/wp-json\/wp\/v2\/comments?post=23723"}],"wp:featuredmedia":[{"embeddable":true,"href":"https:\/\/duronco.com\/en\/wp-json\/wp\/v2\/media\/24486"}],"wp:attachment":[{"href":"https:\/\/duronco.com\/en\/wp-json\/wp\/v2\/media?parent=23723"}],"wp:term":[{"taxonomy":"product_brand","embeddable":true,"href":"https:\/\/duronco.com\/en\/wp-json\/wp\/v2\/product_brand?post=23723"},{"taxonomy":"product_cat","embeddable":true,"href":"https:\/\/duronco.com\/en\/wp-json\/wp\/v2\/product_cat?post=23723"},{"taxonomy":"product_tag","embeddable":true,"href":"https:\/\/duronco.com\/en\/wp-json\/wp\/v2\/product_tag?post=23723"}],"curies":[{"name":"wp","href":"https:\/\/api.w.org\/{rel}","templated":true}]}}