{"id":23684,"date":"2025-08-22T19:29:25","date_gmt":"2025-08-22T19:29:25","guid":{"rendered":"https:\/\/duronco.com\/?post_type=product&#038;p=23684"},"modified":"2026-03-23T22:10:56","modified_gmt":"2026-03-23T22:10:56","slug":"nopal-deshidratado-en-polvo","status":"publish","type":"product","link":"https:\/\/duronco.com\/en\/product\/nopal-deshidratado-en-polvo\/","title":{"rendered":"NOPAL DESHIDRATADO EN POLVO"},"content":{"rendered":"<p>El Nopal Deshidratado en Polvo se obtiene del nopal fresco cuidadosamente deshidratado y molido, conservando sus propiedades nutricionales. Rico en fibra diet\u00e9tica, antioxidantes y compuestos bioactivos, es un excelente complemento para apoyar la digesti\u00f3n, el control del az\u00facar y el bienestar general.<\/p>\n<p>Perfecto para a\u00f1adir a batidos, jugos, sopas y suplementos naturales, aportando beneficios tradicionales de esta planta mexicana. Producto 100% natural, sin aditivos ni conservantes.<\/p>","protected":false},"excerpt":{"rendered":"<p>Fuente natural de fibra y antioxidantes, ideal para preparar bebidas y suplementos.<\/p>","protected":false},"featured_media":24522,"comment_status":"closed","ping_status":"closed","template":"","meta":{"_joinchat":[]},"product_brand":[],"product_cat":[288,72],"product_tag":[],"class_list":{"0":"post-23684","1":"product","2":"type-product","3":"status-publish","4":"has-post-thumbnail","6":"product_cat-polvos-y-extractos-herbales","7":"product_cat-todos","9":"first","10":"instock","11":"taxable","12":"shipping-taxable","13":"purchasable","14":"product-type-variable"},"_links":{"self":[{"href":"https:\/\/duronco.com\/en\/wp-json\/wp\/v2\/product\/23684","targetHints":{"allow":["GET"]}}],"collection":[{"href":"https:\/\/duronco.com\/en\/wp-json\/wp\/v2\/product"}],"about":[{"href":"https:\/\/duronco.com\/en\/wp-json\/wp\/v2\/types\/product"}],"replies":[{"embeddable":true,"href":"https:\/\/duronco.com\/en\/wp-json\/wp\/v2\/comments?post=23684"}],"wp:featuredmedia":[{"embeddable":true,"href":"https:\/\/duronco.com\/en\/wp-json\/wp\/v2\/media\/24522"}],"wp:attachment":[{"href":"https:\/\/duronco.com\/en\/wp-json\/wp\/v2\/media?parent=23684"}],"wp:term":[{"taxonomy":"product_brand","embeddable":true,"href":"https:\/\/duronco.com\/en\/wp-json\/wp\/v2\/product_brand?post=23684"},{"taxonomy":"product_cat","embeddable":true,"href":"https:\/\/duronco.com\/en\/wp-json\/wp\/v2\/product_cat?post=23684"},{"taxonomy":"product_tag","embeddable":true,"href":"https:\/\/duronco.com\/en\/wp-json\/wp\/v2\/product_tag?post=23684"}],"curies":[{"name":"wp","href":"https:\/\/api.w.org\/{rel}","templated":true}]}}