{"id":23672,"date":"2025-08-22T19:29:25","date_gmt":"2025-08-22T19:29:25","guid":{"rendered":"https:\/\/duronco.com\/?post_type=product&#038;p=23672"},"modified":"2026-03-23T20:40:57","modified_gmt":"2026-03-23T20:40:57","slug":"mijo-blanco-entero-premium","status":"publish","type":"product","link":"https:\/\/duronco.com\/en\/product\/mijo-blanco-entero-premium\/","title":{"rendered":"MIJO BLANCO ENTERO PREMIUM"},"content":{"rendered":"<p>El Mijo Blanco Entero Premium es un cereal integral de alta calidad, conocido por su sabor suave y textura ligera. Rico en carbohidratos complejos, fibra diet\u00e9tica, vitaminas y minerales, es una excelente opci\u00f3n para una alimentaci\u00f3n saludable y equilibrada.<\/p>\n<p>Ideal para preparar guarniciones, ensaladas, desayunos y recetas diversas, aportando energ\u00eda sostenible y beneficios nutricionales. Producto 100% natural, sin aditivos ni conservantes.<\/p>","protected":false},"excerpt":{"rendered":"<p>Cereal integral nutritivo y vers\u00e1til, fuente natural de energ\u00eda y fibra.<\/p>","protected":false},"featured_media":24793,"comment_status":"closed","ping_status":"closed","template":"","meta":{"_joinchat":[]},"product_brand":[],"product_cat":[282,72],"product_tag":[],"class_list":{"0":"post-23672","1":"product","2":"type-product","3":"status-publish","4":"has-post-thumbnail","6":"product_cat-semillas-y-granos-ancestrales","7":"product_cat-todos","9":"first","10":"instock","11":"taxable","12":"shipping-taxable","13":"purchasable","14":"product-type-variable"},"_links":{"self":[{"href":"https:\/\/duronco.com\/en\/wp-json\/wp\/v2\/product\/23672","targetHints":{"allow":["GET"]}}],"collection":[{"href":"https:\/\/duronco.com\/en\/wp-json\/wp\/v2\/product"}],"about":[{"href":"https:\/\/duronco.com\/en\/wp-json\/wp\/v2\/types\/product"}],"replies":[{"embeddable":true,"href":"https:\/\/duronco.com\/en\/wp-json\/wp\/v2\/comments?post=23672"}],"wp:featuredmedia":[{"embeddable":true,"href":"https:\/\/duronco.com\/en\/wp-json\/wp\/v2\/media\/24793"}],"wp:attachment":[{"href":"https:\/\/duronco.com\/en\/wp-json\/wp\/v2\/media?parent=23672"}],"wp:term":[{"taxonomy":"product_brand","embeddable":true,"href":"https:\/\/duronco.com\/en\/wp-json\/wp\/v2\/product_brand?post=23672"},{"taxonomy":"product_cat","embeddable":true,"href":"https:\/\/duronco.com\/en\/wp-json\/wp\/v2\/product_cat?post=23672"},{"taxonomy":"product_tag","embeddable":true,"href":"https:\/\/duronco.com\/en\/wp-json\/wp\/v2\/product_tag?post=23672"}],"curies":[{"name":"wp","href":"https:\/\/api.w.org\/{rel}","templated":true}]}}