{"id":23663,"date":"2025-08-22T19:29:16","date_gmt":"2025-08-22T19:29:16","guid":{"rendered":"https:\/\/duronco.com\/?post_type=product&#038;p=23663"},"modified":"2026-04-22T21:32:37","modified_gmt":"2026-04-22T21:32:37","slug":"maca-negra-organica-en-polvo","status":"publish","type":"product","link":"https:\/\/duronco.com\/en\/product\/maca-negra-organica-en-polvo\/","title":{"rendered":"MACA NEGRA ORGANICA EN POLVO"},"content":{"rendered":"<p>La Maca Negra Org\u00e1nica en Polvo proviene de ra\u00edces cultivadas bajo estrictos est\u00e1ndares org\u00e1nicos, molidas finamente para preservar sus nutrientes y propiedades. Esta variedad de maca es reconocida por su mayor concentraci\u00f3n de compuestos bioactivos, que ayudan a mejorar la energ\u00eda, la resistencia f\u00edsica, el enfoque mental y el equilibrio hormonal.<\/p>\n<p>Ideal para agregar a batidos, jugos, smoothies o suplementos naturales para potenciar el rendimiento diario. Producto 100% puro, sin aditivos ni conservantes, apto para dietas org\u00e1nicas y saludables.<\/p>","protected":false},"excerpt":{"rendered":"<p>Ra\u00edz andina en polvo con alto poder energ\u00e9tico y apoyo para el rendimiento f\u00edsico y mental.<\/p>","protected":false},"featured_media":25064,"comment_status":"closed","ping_status":"closed","template":"","meta":{"_joinchat":[]},"product_brand":[],"product_cat":[280,72],"product_tag":[],"class_list":{"0":"post-23663","1":"product","2":"type-product","3":"status-publish","4":"has-post-thumbnail","6":"product_cat-harinas-y-polvos-funcionales","7":"product_cat-todos","9":"first","10":"instock","11":"taxable","12":"shipping-taxable","13":"purchasable","14":"product-type-variable"},"_links":{"self":[{"href":"https:\/\/duronco.com\/en\/wp-json\/wp\/v2\/product\/23663","targetHints":{"allow":["GET"]}}],"collection":[{"href":"https:\/\/duronco.com\/en\/wp-json\/wp\/v2\/product"}],"about":[{"href":"https:\/\/duronco.com\/en\/wp-json\/wp\/v2\/types\/product"}],"replies":[{"embeddable":true,"href":"https:\/\/duronco.com\/en\/wp-json\/wp\/v2\/comments?post=23663"}],"wp:featuredmedia":[{"embeddable":true,"href":"https:\/\/duronco.com\/en\/wp-json\/wp\/v2\/media\/25064"}],"wp:attachment":[{"href":"https:\/\/duronco.com\/en\/wp-json\/wp\/v2\/media?parent=23663"}],"wp:term":[{"taxonomy":"product_brand","embeddable":true,"href":"https:\/\/duronco.com\/en\/wp-json\/wp\/v2\/product_brand?post=23663"},{"taxonomy":"product_cat","embeddable":true,"href":"https:\/\/duronco.com\/en\/wp-json\/wp\/v2\/product_cat?post=23663"},{"taxonomy":"product_tag","embeddable":true,"href":"https:\/\/duronco.com\/en\/wp-json\/wp\/v2\/product_tag?post=23663"}],"curies":[{"name":"wp","href":"https:\/\/api.w.org\/{rel}","templated":true}]}}