{"id":23645,"date":"2025-08-22T19:29:16","date_gmt":"2025-08-22T19:29:16","guid":{"rendered":"https:\/\/duronco.com\/?post_type=product&#038;p=23645"},"modified":"2026-04-23T18:16:08","modified_gmt":"2026-04-23T18:16:08","slug":"linaza-golden-molida-premium","status":"publish","type":"product","link":"https:\/\/duronco.com\/en\/product\/linaza-golden-molida-premium\/","title":{"rendered":"LINAZA GOLDEN MOLIDA PREMIUM"},"content":{"rendered":"<p>La Linaza Golden Molida Premium proviene de semillas doradas de alta calidad, cuidadosamente molidas para facilitar su digesti\u00f3n y absorci\u00f3n. Es una excelente fuente de \u00e1cidos grasos omega-3, fibra diet\u00e9tica y lignanos, compuestos con propiedades antioxidantes.<\/p>\n<p>Perfecta para enriquecer batidos, yogures, ensaladas o productos de panader\u00eda, aportando un sabor suave y un valor nutricional significativo. Producto 100% natural, sin aditivos ni conservantes.<\/p>","protected":false},"excerpt":{"rendered":"<p>Linaza golden molida premium, fuente natural de omega-3, fibra y lignanos. Ideal para agregar a batidos, yogures y recetas saludables.<\/p>","protected":false},"featured_media":24530,"comment_status":"closed","ping_status":"closed","template":"","meta":{"_joinchat":[]},"product_brand":[],"product_cat":[282,72],"product_tag":[],"class_list":{"0":"post-23645","1":"product","2":"type-product","3":"status-publish","4":"has-post-thumbnail","6":"product_cat-semillas-y-granos-ancestrales","7":"product_cat-todos","9":"first","10":"instock","11":"taxable","12":"shipping-taxable","13":"purchasable","14":"product-type-variable"},"_links":{"self":[{"href":"https:\/\/duronco.com\/en\/wp-json\/wp\/v2\/product\/23645","targetHints":{"allow":["GET"]}}],"collection":[{"href":"https:\/\/duronco.com\/en\/wp-json\/wp\/v2\/product"}],"about":[{"href":"https:\/\/duronco.com\/en\/wp-json\/wp\/v2\/types\/product"}],"replies":[{"embeddable":true,"href":"https:\/\/duronco.com\/en\/wp-json\/wp\/v2\/comments?post=23645"}],"wp:featuredmedia":[{"embeddable":true,"href":"https:\/\/duronco.com\/en\/wp-json\/wp\/v2\/media\/24530"}],"wp:attachment":[{"href":"https:\/\/duronco.com\/en\/wp-json\/wp\/v2\/media?parent=23645"}],"wp:term":[{"taxonomy":"product_brand","embeddable":true,"href":"https:\/\/duronco.com\/en\/wp-json\/wp\/v2\/product_brand?post=23645"},{"taxonomy":"product_cat","embeddable":true,"href":"https:\/\/duronco.com\/en\/wp-json\/wp\/v2\/product_cat?post=23645"},{"taxonomy":"product_tag","embeddable":true,"href":"https:\/\/duronco.com\/en\/wp-json\/wp\/v2\/product_tag?post=23645"}],"curies":[{"name":"wp","href":"https:\/\/api.w.org\/{rel}","templated":true}]}}