{"id":23544,"date":"2025-08-22T19:28:40","date_gmt":"2025-08-22T19:28:40","guid":{"rendered":"https:\/\/duronco.com\/?post_type=product&#038;p=23544"},"modified":"2026-04-23T20:25:55","modified_gmt":"2026-04-23T20:25:55","slug":"corazones-de-hemp","status":"publish","type":"product","link":"https:\/\/duronco.com\/en\/product\/corazones-de-hemp\/","title":{"rendered":"CORAZONES DE HEMP"},"content":{"rendered":"<p>Los Corazones de Hemp son semillas de c\u00e1\u00f1amo peladas y listas para consumir, que destacan por su alto contenido en prote\u00ednas vegetales completas, \u00e1cidos grasos omega-3 y omega-6 en proporciones ideales, as\u00ed como fibra diet\u00e9tica, vitaminas y minerales esenciales como magnesio, hierro y zinc.<\/p>\n<p>Este superalimento es vers\u00e1til y f\u00e1cil de incorporar en la dieta diaria: se puede agregar a ensaladas, batidos, yogures, granolas, panes y como topping en una gran variedad de preparaciones saludables. Los corazones de hemp aportan energ\u00eda sostenida, favorecen la salud cardiovascular, la digesti\u00f3n y el bienestar general.<\/p>\n<p>Producto 100% natural, sin aditivos ni conservantes, apto para dietas veganas, keto y conscientes.<\/p>","protected":false},"excerpt":{"rendered":"<p>Semillas peladas ricas en prote\u00ednas, omega-3 y fibra. Perfectos para snacks y recetas saludables.<\/p>","protected":false},"featured_media":24563,"comment_status":"closed","ping_status":"closed","template":"","meta":{"_joinchat":[]},"product_brand":[],"product_cat":[280,72],"product_tag":[],"class_list":{"0":"post-23544","1":"product","2":"type-product","3":"status-publish","4":"has-post-thumbnail","6":"product_cat-harinas-y-polvos-funcionales","7":"product_cat-todos","9":"first","10":"instock","11":"taxable","12":"shipping-taxable","13":"purchasable","14":"product-type-variable"},"_links":{"self":[{"href":"https:\/\/duronco.com\/en\/wp-json\/wp\/v2\/product\/23544","targetHints":{"allow":["GET"]}}],"collection":[{"href":"https:\/\/duronco.com\/en\/wp-json\/wp\/v2\/product"}],"about":[{"href":"https:\/\/duronco.com\/en\/wp-json\/wp\/v2\/types\/product"}],"replies":[{"embeddable":true,"href":"https:\/\/duronco.com\/en\/wp-json\/wp\/v2\/comments?post=23544"}],"wp:featuredmedia":[{"embeddable":true,"href":"https:\/\/duronco.com\/en\/wp-json\/wp\/v2\/media\/24563"}],"wp:attachment":[{"href":"https:\/\/duronco.com\/en\/wp-json\/wp\/v2\/media?parent=23544"}],"wp:term":[{"taxonomy":"product_brand","embeddable":true,"href":"https:\/\/duronco.com\/en\/wp-json\/wp\/v2\/product_brand?post=23544"},{"taxonomy":"product_cat","embeddable":true,"href":"https:\/\/duronco.com\/en\/wp-json\/wp\/v2\/product_cat?post=23544"},{"taxonomy":"product_tag","embeddable":true,"href":"https:\/\/duronco.com\/en\/wp-json\/wp\/v2\/product_tag?post=23544"}],"curies":[{"name":"wp","href":"https:\/\/api.w.org\/{rel}","templated":true}]}}