{"id":23520,"date":"2025-08-22T19:28:31","date_gmt":"2025-08-22T19:28:31","guid":{"rendered":"https:\/\/duronco.com\/?post_type=product&#038;p=23520"},"modified":"2026-04-23T18:05:57","modified_gmt":"2026-04-23T18:05:57","slug":"chia-negra-pinta-organica-premium","status":"publish","type":"product","link":"https:\/\/duronco.com\/en\/product\/chia-negra-pinta-organica-premium\/","title":{"rendered":"CHIA NEGRA PINTA ORGANICA PREMIUM"},"content":{"rendered":"<p>La Ch\u00eda Negra Pinta Org\u00e1nica Premium es una semilla de alta calidad, cultivada bajo est\u00e1ndares org\u00e1nicos certificados, sin agroqu\u00edmicos ni pesticidas. Destaca por su aspecto moteado caracter\u00edstico (&#8220;pinta&#8221;) y su contenido superior en \u00e1cidos grasos omega-3, fibra soluble e insoluble, prote\u00ednas y minerales como calcio y magnesio.<\/p>\n<p>Al hidratarse, forma un gel natural que favorece la digesti\u00f3n y proporciona saciedad, siendo ideal para incluir en batidos, yogures, pudines, panes y otras preparaciones saludables. Es un superalimento funcional, perfecto para dietas veganas, keto, deportivas y de bienestar integral.<\/p>\n<p>Producto 100% puro, sin aditivos ni procesos qu\u00edmicos, con certificaci\u00f3n org\u00e1nica y calidad premium.<\/p>","protected":false},"excerpt":{"rendered":"<p>Ch\u00eda negra pinta org\u00e1nica premium, semilla 100% natural y certificada. Alta en omega-3, fibra y prote\u00edna vegetal. Ideal para una nutrici\u00f3n funcional.<\/p>","protected":false},"featured_media":25057,"comment_status":"closed","ping_status":"closed","template":"","meta":{"_joinchat":[]},"product_brand":[],"product_cat":[282,72],"product_tag":[],"class_list":{"0":"post-23520","1":"product","2":"type-product","3":"status-publish","4":"has-post-thumbnail","6":"product_cat-semillas-y-granos-ancestrales","7":"product_cat-todos","9":"first","10":"instock","11":"taxable","12":"shipping-taxable","13":"purchasable","14":"product-type-variable"},"_links":{"self":[{"href":"https:\/\/duronco.com\/en\/wp-json\/wp\/v2\/product\/23520","targetHints":{"allow":["GET"]}}],"collection":[{"href":"https:\/\/duronco.com\/en\/wp-json\/wp\/v2\/product"}],"about":[{"href":"https:\/\/duronco.com\/en\/wp-json\/wp\/v2\/types\/product"}],"replies":[{"embeddable":true,"href":"https:\/\/duronco.com\/en\/wp-json\/wp\/v2\/comments?post=23520"}],"wp:featuredmedia":[{"embeddable":true,"href":"https:\/\/duronco.com\/en\/wp-json\/wp\/v2\/media\/25057"}],"wp:attachment":[{"href":"https:\/\/duronco.com\/en\/wp-json\/wp\/v2\/media?parent=23520"}],"wp:term":[{"taxonomy":"product_brand","embeddable":true,"href":"https:\/\/duronco.com\/en\/wp-json\/wp\/v2\/product_brand?post=23520"},{"taxonomy":"product_cat","embeddable":true,"href":"https:\/\/duronco.com\/en\/wp-json\/wp\/v2\/product_cat?post=23520"},{"taxonomy":"product_tag","embeddable":true,"href":"https:\/\/duronco.com\/en\/wp-json\/wp\/v2\/product_tag?post=23520"}],"curies":[{"name":"wp","href":"https:\/\/api.w.org\/{rel}","templated":true}]}}