{"id":23517,"date":"2025-08-22T19:28:31","date_gmt":"2025-08-22T19:28:31","guid":{"rendered":"https:\/\/duronco.com\/?post_type=product&#038;p=23517"},"modified":"2026-03-17T20:44:06","modified_gmt":"2026-03-17T20:44:06","slug":"chia-negra-molida-full-fat","status":"publish","type":"product","link":"https:\/\/duronco.com\/en\/product\/chia-negra-molida-full-fat\/","title":{"rendered":"CHIA NEGRA MOLIDA FULL-FAT"},"content":{"rendered":"<p>La Ch\u00eda Negra Molida Full-Fat se obtiene al triturar las semillas de ch\u00eda enteras, conservando todos sus aceites naturales, lo que la hace especialmente rica en \u00e1cidos grasos omega-3, fibra diet\u00e9tica y prote\u00edna vegetal. Su molienda fina facilita la absorci\u00f3n de nutrientes y mejora su integraci\u00f3n en recetas.<\/p>\n<p>Es un ingrediente funcional ideal para agregar en batidos, pudines, panes, galletas, o como espesante natural. Adem\u00e1s, favorece la salud digestiva, ayuda al control del apetito y es fuente de energ\u00eda de liberaci\u00f3n sostenida.<\/p>\n<p>Producto 100% puro, sin aditivos ni procesos de desgrasado, apto para dietas veganas, keto y saludables.<\/p>","protected":false},"excerpt":{"rendered":"<p>Ch\u00eda negra molida full-fat, 100% natural y rica en omega-3, fibra y prote\u00edna. Ideal para batidos, horneados y alimentaci\u00f3n funcional.<\/p>","protected":false},"featured_media":24527,"comment_status":"closed","ping_status":"closed","template":"","meta":{"_joinchat":[]},"product_brand":[],"product_cat":[282,72],"product_tag":[],"class_list":{"0":"post-23517","1":"product","2":"type-product","3":"status-publish","4":"has-post-thumbnail","6":"product_cat-semillas-y-granos-ancestrales","7":"product_cat-todos","9":"first","10":"instock","11":"taxable","12":"shipping-taxable","13":"purchasable","14":"product-type-variable"},"_links":{"self":[{"href":"https:\/\/duronco.com\/en\/wp-json\/wp\/v2\/product\/23517","targetHints":{"allow":["GET"]}}],"collection":[{"href":"https:\/\/duronco.com\/en\/wp-json\/wp\/v2\/product"}],"about":[{"href":"https:\/\/duronco.com\/en\/wp-json\/wp\/v2\/types\/product"}],"replies":[{"embeddable":true,"href":"https:\/\/duronco.com\/en\/wp-json\/wp\/v2\/comments?post=23517"}],"wp:featuredmedia":[{"embeddable":true,"href":"https:\/\/duronco.com\/en\/wp-json\/wp\/v2\/media\/24527"}],"wp:attachment":[{"href":"https:\/\/duronco.com\/en\/wp-json\/wp\/v2\/media?parent=23517"}],"wp:term":[{"taxonomy":"product_brand","embeddable":true,"href":"https:\/\/duronco.com\/en\/wp-json\/wp\/v2\/product_brand?post=23517"},{"taxonomy":"product_cat","embeddable":true,"href":"https:\/\/duronco.com\/en\/wp-json\/wp\/v2\/product_cat?post=23517"},{"taxonomy":"product_tag","embeddable":true,"href":"https:\/\/duronco.com\/en\/wp-json\/wp\/v2\/product_tag?post=23517"}],"curies":[{"name":"wp","href":"https:\/\/api.w.org\/{rel}","templated":true}]}}