{"id":23496,"date":"2025-08-22T19:28:30","date_gmt":"2025-08-22T19:28:30","guid":{"rendered":"https:\/\/duronco.com\/?post_type=product&#038;p=23496"},"modified":"2026-04-23T21:21:02","modified_gmt":"2026-04-23T21:21:02","slug":"cacao-organico-en-trozo-nibs","status":"publish","type":"product","link":"https:\/\/duronco.com\/en\/product\/cacao-organico-en-trozo-nibs\/","title":{"rendered":"CACAO ORGANICO EN TROZO (NIBS)"},"content":{"rendered":"<p>Los Cacao Org\u00e1nico Nibs son fragmentos naturales de granos de cacao org\u00e1nicos tostados y triturados, que conservan todas las propiedades nutricionales y el sabor aut\u00e9ntico del cacao puro. Cultivados sin pesticidas ni qu\u00edmicos, estos nibs son una fuente excepcional de antioxidantes, magnesio, fibra y compuestos bioactivos que benefician la salud cardiovascular y cerebral.<\/p>\n<p>Con su textura crocante y sabor amargo-intenso, son ideales para agregar en granolas, batidos, postres, chocolates artesanales o para consumir como snack saludable. Producto 100% natural, certificado org\u00e1nico, sin conservantes ni colorantes, perfecto para dietas veganas, conscientes y funcionales.<\/p>","protected":false},"excerpt":{"rendered":"<p>Cacao org\u00e1nico nibs 100% puro, trozos crujientes de cacao certificado sin az\u00facar ni aditivos. Rico en antioxidantes y sabor intenso.<\/p>","protected":false},"featured_media":25051,"comment_status":"closed","ping_status":"closed","template":"","meta":{"_joinchat":[]},"product_brand":[],"product_cat":[283,72],"product_tag":[],"class_list":{"0":"post-23496","1":"product","2":"type-product","3":"status-publish","4":"has-post-thumbnail","6":"product_cat-endulzantes-naturales-y-sin-calorias","7":"product_cat-todos","9":"first","10":"instock","11":"taxable","12":"shipping-taxable","13":"purchasable","14":"product-type-variable"},"_links":{"self":[{"href":"https:\/\/duronco.com\/en\/wp-json\/wp\/v2\/product\/23496","targetHints":{"allow":["GET"]}}],"collection":[{"href":"https:\/\/duronco.com\/en\/wp-json\/wp\/v2\/product"}],"about":[{"href":"https:\/\/duronco.com\/en\/wp-json\/wp\/v2\/types\/product"}],"replies":[{"embeddable":true,"href":"https:\/\/duronco.com\/en\/wp-json\/wp\/v2\/comments?post=23496"}],"wp:featuredmedia":[{"embeddable":true,"href":"https:\/\/duronco.com\/en\/wp-json\/wp\/v2\/media\/25051"}],"wp:attachment":[{"href":"https:\/\/duronco.com\/en\/wp-json\/wp\/v2\/media?parent=23496"}],"wp:term":[{"taxonomy":"product_brand","embeddable":true,"href":"https:\/\/duronco.com\/en\/wp-json\/wp\/v2\/product_brand?post=23496"},{"taxonomy":"product_cat","embeddable":true,"href":"https:\/\/duronco.com\/en\/wp-json\/wp\/v2\/product_cat?post=23496"},{"taxonomy":"product_tag","embeddable":true,"href":"https:\/\/duronco.com\/en\/wp-json\/wp\/v2\/product_tag?post=23496"}],"curies":[{"name":"wp","href":"https:\/\/api.w.org\/{rel}","templated":true}]}}