{"id":23483,"date":"2025-08-22T19:28:22","date_gmt":"2025-08-22T19:28:22","guid":{"rendered":"https:\/\/duronco.com\/?post_type=product&#038;p=23483"},"modified":"2026-03-25T20:40:56","modified_gmt":"2026-03-25T20:40:56","slug":"azucar-de-datil-100-natural","status":"publish","type":"product","link":"https:\/\/duronco.com\/en\/product\/azucar-de-datil-100-natural\/","title":{"rendered":"AZUCAR DE DATIL 100% NATURAL"},"content":{"rendered":"<p>El Az\u00facar de D\u00e1til Natural se obtiene a partir del secado y molienda del fruto del d\u00e1til, conservando todas sus propiedades nutritivas. Este endulzante natural es rico en fibra diet\u00e9tica, potasio, magnesio, hierro y antioxidantes, lo que aporta beneficios adicionales a la salud m\u00e1s all\u00e1 de su dulzura.<\/p>\n<p>Con un sabor dulce, profundo y ligeramente caramelizado, es perfecto para utilizar en reposter\u00eda, bebidas, postres o como sustituto del az\u00facar refinado en cualquier preparaci\u00f3n. Producto 100% natural, sin aditivos, sin az\u00facares a\u00f1adidos ni conservantes, apto para dietas saludables, veganas y conscientes.<\/p>","protected":false},"excerpt":{"rendered":"<p>Az\u00facar de d\u00e1til natural, 100% puro y sin refinar. Dulce natural rico en minerales y fibra. Ideal para endulzar de forma saludable.<\/p>","protected":false},"featured_media":24465,"comment_status":"closed","ping_status":"closed","template":"","meta":{"_joinchat":[]},"product_brand":[],"product_cat":[283,72],"product_tag":[],"class_list":{"0":"post-23483","1":"product","2":"type-product","3":"status-publish","4":"has-post-thumbnail","6":"product_cat-endulzantes-naturales-y-sin-calorias","7":"product_cat-todos","9":"first","10":"instock","11":"taxable","12":"shipping-taxable","13":"purchasable","14":"product-type-variable"},"_links":{"self":[{"href":"https:\/\/duronco.com\/en\/wp-json\/wp\/v2\/product\/23483","targetHints":{"allow":["GET"]}}],"collection":[{"href":"https:\/\/duronco.com\/en\/wp-json\/wp\/v2\/product"}],"about":[{"href":"https:\/\/duronco.com\/en\/wp-json\/wp\/v2\/types\/product"}],"replies":[{"embeddable":true,"href":"https:\/\/duronco.com\/en\/wp-json\/wp\/v2\/comments?post=23483"}],"wp:featuredmedia":[{"embeddable":true,"href":"https:\/\/duronco.com\/en\/wp-json\/wp\/v2\/media\/24465"}],"wp:attachment":[{"href":"https:\/\/duronco.com\/en\/wp-json\/wp\/v2\/media?parent=23483"}],"wp:term":[{"taxonomy":"product_brand","embeddable":true,"href":"https:\/\/duronco.com\/en\/wp-json\/wp\/v2\/product_brand?post=23483"},{"taxonomy":"product_cat","embeddable":true,"href":"https:\/\/duronco.com\/en\/wp-json\/wp\/v2\/product_cat?post=23483"},{"taxonomy":"product_tag","embeddable":true,"href":"https:\/\/duronco.com\/en\/wp-json\/wp\/v2\/product_tag?post=23483"}],"curies":[{"name":"wp","href":"https:\/\/api.w.org\/{rel}","templated":true}]}}