{"id":23466,"date":"2025-08-22T19:28:21","date_gmt":"2025-08-22T19:28:21","guid":{"rendered":"https:\/\/duronco.com\/?post_type=product&#038;p=23466"},"modified":"2026-04-22T21:32:26","modified_gmt":"2026-04-22T21:32:26","slug":"arroz-inflado-natural","status":"publish","type":"product","link":"https:\/\/duronco.com\/en\/product\/arroz-inflado-natural\/","title":{"rendered":"ARROZ INFLADO NATURAL"},"content":{"rendered":"<p>El Arroz Inflado Natural es un cereal expandido elaborado \u00fanicamente a partir de granos de arroz que han sido sometidos a un proceso de calor para lograr una textura ligera y crujiente, sin la adici\u00f3n de aceites, az\u00facares ni conservantes.<\/p>\n<p>De sabor neutro y f\u00e1cil digesti\u00f3n, es ideal para mezclar con frutas, yogures, granolas, barras energ\u00e9ticas o consumir directamente como snack saludable. Tambi\u00e9n se puede incorporar en recetas de reposter\u00eda o preparaciones sin gluten. 100% natural, vegano y libre de al\u00e9rgenos comunes, es una excelente opci\u00f3n para quienes buscan ingredientes simples y funcionales para su alimentaci\u00f3n diaria.<\/p>","protected":false},"excerpt":{"rendered":"<p>Arroz inflado natural, sin az\u00facar ni aditivos. Crujiente, liviano y vers\u00e1til. Ideal para snacks, granolas y recetas saludables.<\/p>","protected":false},"featured_media":24800,"comment_status":"closed","ping_status":"closed","template":"","meta":{"_joinchat":[]},"product_brand":[],"product_cat":[282,72],"product_tag":[],"class_list":{"0":"post-23466","1":"product","2":"type-product","3":"status-publish","4":"has-post-thumbnail","6":"product_cat-semillas-y-granos-ancestrales","7":"product_cat-todos","8":"product_shipping_class-bulky","10":"first","11":"outofstock","12":"taxable","13":"shipping-taxable","14":"purchasable","15":"product-type-variable"},"_links":{"self":[{"href":"https:\/\/duronco.com\/en\/wp-json\/wp\/v2\/product\/23466","targetHints":{"allow":["GET"]}}],"collection":[{"href":"https:\/\/duronco.com\/en\/wp-json\/wp\/v2\/product"}],"about":[{"href":"https:\/\/duronco.com\/en\/wp-json\/wp\/v2\/types\/product"}],"replies":[{"embeddable":true,"href":"https:\/\/duronco.com\/en\/wp-json\/wp\/v2\/comments?post=23466"}],"wp:featuredmedia":[{"embeddable":true,"href":"https:\/\/duronco.com\/en\/wp-json\/wp\/v2\/media\/24800"}],"wp:attachment":[{"href":"https:\/\/duronco.com\/en\/wp-json\/wp\/v2\/media?parent=23466"}],"wp:term":[{"taxonomy":"product_brand","embeddable":true,"href":"https:\/\/duronco.com\/en\/wp-json\/wp\/v2\/product_brand?post=23466"},{"taxonomy":"product_cat","embeddable":true,"href":"https:\/\/duronco.com\/en\/wp-json\/wp\/v2\/product_cat?post=23466"},{"taxonomy":"product_tag","embeddable":true,"href":"https:\/\/duronco.com\/en\/wp-json\/wp\/v2\/product_tag?post=23466"}],"curies":[{"name":"wp","href":"https:\/\/api.w.org\/{rel}","templated":true}]}}