{"id":23460,"date":"2025-08-22T19:28:13","date_gmt":"2025-08-22T19:28:13","guid":{"rendered":"https:\/\/duronco.com\/?post_type=product&#038;p=23460"},"modified":"2026-03-20T19:05:55","modified_gmt":"2026-03-20T19:05:55","slug":"arandano-deshidratado","status":"publish","type":"product","link":"https:\/\/duronco.com\/en\/product\/arandano-deshidratado\/","title":{"rendered":"ARANDANO DESHIDRATADO"},"content":{"rendered":"<p>El Ar\u00e1ndano Deshidratado es una fruta seleccionada y deshidratada cuidadosamente para conservar su sabor intenso, su textura suave y sus propiedades nutricionales. Es una excelente fuente natural de antioxidantes, especialmente antocianinas, as\u00ed como de fibra diet\u00e9tica, vitamina C y compuestos antiinflamatorios.<\/p>\n<p>Su sabor dulce y ligeramente \u00e1cido lo hace perfecto como snack saludable, para incluir en granolas, mezclas de frutos secos, panader\u00eda, postres, o como ingrediente en preparaciones funcionales. 100% natural, sin conservantes ni colorantes artificiales, con o sin az\u00facar a\u00f1adida seg\u00fan presentaci\u00f3n. Una opci\u00f3n deliciosa para cuidar tu salud de forma pr\u00e1ctica y sabrosa.<\/p>","protected":false},"excerpt":{"rendered":"<p>Rico en antioxidantes, fibra y vitamina C. Ideal para snacks, reposter\u00eda y mezclas saludables.<\/p>","protected":false},"featured_media":24461,"comment_status":"closed","ping_status":"closed","template":"","meta":{"_joinchat":[]},"product_brand":[],"product_cat":[284,72],"product_tag":[],"class_list":{"0":"post-23460","1":"product","2":"type-product","3":"status-publish","4":"has-post-thumbnail","6":"product_cat-frutos-secos-y-deshidratados","7":"product_cat-todos","9":"first","10":"instock","11":"taxable","12":"shipping-taxable","13":"purchasable","14":"product-type-variable"},"_links":{"self":[{"href":"https:\/\/duronco.com\/en\/wp-json\/wp\/v2\/product\/23460","targetHints":{"allow":["GET"]}}],"collection":[{"href":"https:\/\/duronco.com\/en\/wp-json\/wp\/v2\/product"}],"about":[{"href":"https:\/\/duronco.com\/en\/wp-json\/wp\/v2\/types\/product"}],"replies":[{"embeddable":true,"href":"https:\/\/duronco.com\/en\/wp-json\/wp\/v2\/comments?post=23460"}],"wp:featuredmedia":[{"embeddable":true,"href":"https:\/\/duronco.com\/en\/wp-json\/wp\/v2\/media\/24461"}],"wp:attachment":[{"href":"https:\/\/duronco.com\/en\/wp-json\/wp\/v2\/media?parent=23460"}],"wp:term":[{"taxonomy":"product_brand","embeddable":true,"href":"https:\/\/duronco.com\/en\/wp-json\/wp\/v2\/product_brand?post=23460"},{"taxonomy":"product_cat","embeddable":true,"href":"https:\/\/duronco.com\/en\/wp-json\/wp\/v2\/product_cat?post=23460"},{"taxonomy":"product_tag","embeddable":true,"href":"https:\/\/duronco.com\/en\/wp-json\/wp\/v2\/product_tag?post=23460"}],"curies":[{"name":"wp","href":"https:\/\/api.w.org\/{rel}","templated":true}]}}