{"id":22530,"date":"2025-07-11T21:35:38","date_gmt":"2025-07-11T21:35:38","guid":{"rendered":"https:\/\/duronco.com\/register\/"},"modified":"2025-07-22T01:09:28","modified_gmt":"2025-07-22T01:09:28","slug":"acceso-usuarios-premium","status":"publish","type":"page","link":"https:\/\/duronco.com\/en\/acceso-usuarios-premium\/","title":{"rendered":"Premium access"},"content":{"rendered":"<h2>Premium Customer Access Request \u2014 Duronco<\/h2>\n\n\n\n\n<div class=\"um um-register um-22512\">\n\t<div class=\"um-form\" data-mode=\"register\">\n\t\t<form method=\"post\" action=\"\" data-trp-original-action=\"\">\n\t\t\t<div class=\"um-row _um_row_1\" style=\"margin: 0 0 30px 0;\"><div class=\"um-col-1\"><div  id=\"um_field_22512_user_login\" class=\"um-field um-field-text  um-field-user_login um-field-text um-field-type_text\" data-key=\"user_login\"><div class=\"um-field-label\"><label for=\"user_login-22512\">Nombre de la Empresa \/ Raz\u00f3n Social:<\/label><div class=\"um-clear\"><\/div><\/div><div class=\"um-field-area\"><input  autocomplete=\"off\" class=\"um-form-field valid\" type=\"text\" name=\"user_login-22512\" id=\"user_login-22512\" value=\"\" placeholder=\"\" data-validate=\"unique_username\" data-key=\"user_login\"  aria-invalid=\"false\" \/>\n\n\t\t\t\t\t\t<\/div><\/div><div  id=\"um_field_22512_first_name\" class=\"um-field um-field-text  um-field-first_name um-field-text um-field-type_text\" data-key=\"first_name\"><div class=\"um-field-label\"><label for=\"first_name-22512\">Nombre Completo del Contacto Principal<\/label><div class=\"um-clear\"><\/div><\/div><div class=\"um-field-area\"><input  autocomplete=\"off\" class=\"um-form-field valid not-required\" type=\"text\" name=\"first_name-22512\" id=\"first_name-22512\" value=\"\" placeholder=\"\" data-validate=\"\" data-key=\"first_name\"  aria-invalid=\"false\" \/>\n\n\t\t\t\t\t\t<\/div><\/div><div  id=\"um_field_22512_user_email\" class=\"um-field um-field-text  um-field-user_email um-field-text um-field-type_text\" data-key=\"user_email\"><div class=\"um-field-label\"><label for=\"user_email-22512\">Email<\/label><div class=\"um-clear\"><\/div><\/div><div class=\"um-field-area\"><input  autocomplete=\"off\" class=\"um-form-field valid not-required\" type=\"text\" name=\"user_email-22512\" id=\"user_email-22512\" value=\"\" placeholder=\"\" data-validate=\"unique_email\" data-key=\"user_email\"  aria-invalid=\"false\" \/>\n\n\t\t\t\t\t\t<\/div><\/div><div  id=\"um_field_22512_phone-number\" class=\"um-field um-field-tel  um-field-phone-number um-field-tel um-field-type_tel\" data-key=\"phone-number\"><div class=\"um-field-label\"><label for=\"phone-number-22512\">N\u00famero de Tel\u00e9fono (con clave de \u00e1rea)<\/label><div class=\"um-clear\"><\/div><\/div><div class=\"um-field-area\"><input  autocomplete=\"off\" class=\"um-form-field valid not-required\" type=\"tel\" name=\"phone-number-22512\" id=\"phone-number-22512\" value=\"\" placeholder=\"\" data-validate=\"\" data-key=\"phone-number\"  aria-invalid=\"false\" \/>\n\n\t\t\t\t\t\t<\/div><\/div><div  id=\"um_field_22512_user_email_7\" class=\"um-field um-field-text  um-field-user_email_7 um-field-text um-field-type_text\" data-key=\"user_email_7\"><div class=\"um-field-label\"><label for=\"user_email_7-22512\">P\u00e1gina Web de su Empresa (Opcional)<\/label><div class=\"um-clear\"><\/div><\/div><div class=\"um-field-area\"><input  autocomplete=\"off\" class=\"um-form-field valid not-required\" type=\"text\" name=\"user_email_7-22512\" id=\"user_email_7-22512\" value=\"\" placeholder=\"\" data-validate=\"0\" data-key=\"user_email_7\"  aria-invalid=\"false\" \/>\n\n\t\t\t\t\t\t<\/div><\/div><div  id=\"um_field_22512_giro-negocio\" class=\"um-field um-field-text  um-field-giro-negocio um-field-text um-field-type_text\" data-key=\"giro-negocio\"><div class=\"um-field-label\"><label for=\"giro-negocio-22512\">Giro o Industria de su Negocio<\/label><div class=\"um-clear\"><\/div><\/div><div class=\"um-field-area\"><input  autocomplete=\"off\" class=\"um-form-field valid not-required\" type=\"text\" name=\"giro-negocio-22512\" id=\"giro-negocio-22512\" value=\"\" placeholder=\"\" data-validate=\"\" data-key=\"giro-negocio\"  aria-invalid=\"false\" \/>\n\n\t\t\t\t\t\t<\/div><\/div><div  id=\"um_field_22512_cliente-o-no\" class=\"um-field um-field-checkbox  um-field-cliente-o-no um-field-checkbox um-field-type_checkbox\" data-key=\"cliente-o-no\"  aria-invalid=\"false\" ><div class=\"um-field-label\"><label for=\"cliente-o-no-22512\">\u00bfYa es cliente de Duronco?<\/label><div class=\"um-clear\"><\/div><\/div><div class=\"um-field-area\"><label class=\"um-field-checkbox  um-field-half\"><input   type=\"checkbox\" name=\"cliente-o-no[]\" value=\"Si\"  \/><span class=\"um-field-checkbox-state\"><i class=\"um-icon-android-checkbox-outline-blank\"><\/i><\/span><span class=\"um-field-checkbox-option\">Yes<\/span><\/label><label class=\"um-field-checkbox  um-field-half  right\"><input   type=\"checkbox\" name=\"cliente-o-no[]\" value=\"No\"  \/><span class=\"um-field-checkbox-state\"><i class=\"um-icon-android-checkbox-outline-blank\"><\/i><\/span><span class=\"um-field-checkbox-option\">No<\/span><\/label><div class=\"um-clear\"><\/div><div class=\"um-clear\"><\/div><\/div><\/div><div  id=\"um_field_22512_si-factura-nombre\" class=\"um-field um-field-text  um-is-conditional um-field-si-factura-nombre um-field-text um-field-type_text\" data-key=\"si-factura-nombre\" data-cond-0-action=\"show\" data-cond-0-field=\"cliente-o-no\" data-cond-0-operator=\"equals to\" data-cond-0-value=\"Si\"><div class=\"um-field-label\"><label for=\"si-factura-nombre-22512\">Yes su respuesta anterior fue &quot;S\u00ed&quot;, por favor, indique el nombre al que facturamos.<\/label><div class=\"um-clear\"><\/div><\/div><div class=\"um-field-area\"><input  autocomplete=\"off\" class=\"um-form-field valid not-required\" type=\"text\" name=\"si-factura-nombre-22512\" id=\"si-factura-nombre-22512\" value=\"\" placeholder=\"\" data-validate=\"\" data-key=\"si-factura-nombre\"  aria-invalid=\"false\" \/>\n\n\t\t\t\t\t\t<\/div><\/div><div  id=\"um_field_22512_volumen-mensual\" class=\"um-field um-field-checkbox  um-field-volumen-mensual um-field-checkbox um-field-type_checkbox\" data-key=\"volumen-mensual\"  aria-invalid=\"false\" ><div class=\"um-field-label\"><label for=\"volumen-mensual-22512\">\u00bfCu\u00e1l es su volumen de compra mensual estimado en productos de nuestro cat\u00e1logo?<\/label><div class=\"um-clear\"><\/div><\/div><div class=\"um-field-area\"><label class=\"um-field-checkbox  um-field-half  um-field-radio-state-disabled\"><input   type=\"checkbox\" name=\"volumen-mensual[]\" value=\"Menos de $5,000 MXN\"  \/><span class=\"um-field-checkbox-state\"><i class=\"um-icon-android-checkbox-outline-blank\"><\/i><\/span><span class=\"um-field-checkbox-option\">Menos de $5,000 MXN<\/span><\/label><label class=\"um-field-checkbox  um-field-half  right  um-field-radio-state-disabled\"><input   type=\"checkbox\" name=\"volumen-mensual[]\" value=\"$5,000 - $15,000 MXN\"  \/><span class=\"um-field-checkbox-state\"><i class=\"um-icon-android-checkbox-outline-blank\"><\/i><\/span><span class=\"um-field-checkbox-option\">$5,000 - $15,000 MXN<\/span><\/label><div class=\"um-clear\"><\/div><label class=\"um-field-checkbox  um-field-half  um-field-radio-state-disabled\"><input   type=\"checkbox\" name=\"volumen-mensual[]\" value=\"$15,001 - $30,000 MXN\"  \/><span class=\"um-field-checkbox-state\"><i class=\"um-icon-android-checkbox-outline-blank\"><\/i><\/span><span class=\"um-field-checkbox-option\">$15,001 - $30,000 MXN<\/span><\/label><label class=\"um-field-checkbox  um-field-half  right  um-field-radio-state-disabled\"><input   type=\"checkbox\" name=\"volumen-mensual[]\" value=\"$30,001 - $50,000 MXN\"  \/><span class=\"um-field-checkbox-state\"><i class=\"um-icon-android-checkbox-outline-blank\"><\/i><\/span><span class=\"um-field-checkbox-option\">$30,001 - $50,000 MXN<\/span><\/label><div class=\"um-clear\"><\/div><label class=\"um-field-checkbox  um-field-half  um-field-radio-state-disabled\"><input   type=\"checkbox\" name=\"volumen-mensual[]\" value=\"M\u00e1s de $50,000 MXN\"  \/><span class=\"um-field-checkbox-state\"><i class=\"um-icon-android-checkbox-outline-blank\"><\/i><\/span><span class=\"um-field-checkbox-option\">M\u00e1s de $50,000 MXN<\/span><\/label><div class=\"um-clear\"><\/div><\/div><\/div><div  id=\"um_field_22512_beneficios-premium\" class=\"um-field um-field-multiselect  um-field-beneficios-premium um-field-multiselect um-field-type_multiselect\" data-key=\"beneficios-premium\"><div class=\"um-field-label\"><label for=\"beneficios-premium-22512\">\u00bfQu\u00e9 beneficios espec\u00edficos busca principalmente con el acceso Premium? (Puede seleccionar m\u00e1s de una opci\u00f3n)<\/label><div class=\"um-clear\"><\/div><\/div><div class=\"um-field-area\"><select   multiple=\"multiple\" name=\"beneficios-premium[]\" id=\"beneficios-premium\" data-maxsize=\"5\" data-validate=\"\" data-key=\"beneficios-premium\" class=\"um-form-field valid not-required um-s1\" style=\"width: 100%\" data-placeholder=\"\"  aria-invalid=\"false\" ><option value=\"\"><\/option><option value=\"Descuentos por volumen o mayoreo\" selected>Descuentos por volumen o mayoreo<\/option><option value=\"Condiciones de cr\u00e9dito \/ Pago extendido\" >Condiciones de cr\u00e9dito \/ Pago extendido<\/option><option value=\"Atenci\u00f3n al cliente prioritaria o gerente de cuenta dedicado\" >Atenci\u00f3n al cliente prioritaria o gerente de cuenta dedicado<\/option><option value=\"Acceso anticipado a nuevos productos o promociones\" >Acceso anticipado a nuevos productos o promociones<\/option><option value=\"Soporte t\u00e9cnico especializado\" >Soporte t\u00e9cnico especializado<\/option><option value=\"Capacitaci\u00f3n o recursos exclusivos\" >Capacitaci\u00f3n o recursos exclusivos<\/option><option value=\"Otro (Por favor, especifique):\" >Otro (Por favor, especifique):<\/option><\/select><\/div><\/div><div  id=\"um_field_22512_comentarios\" class=\"um-field um-field-text  um-field-comentarios um-field-text um-field-type_text\" data-key=\"comentarios\"><div class=\"um-field-label\"><label for=\"comentarios-22512\">\u00bfHay algo m\u00e1s que le gustar\u00eda comentar o que consideremos para su solicitud de Acceso Premium?<\/label><div class=\"um-clear\"><\/div><\/div><div class=\"um-field-area\"><input  autocomplete=\"off\" class=\"um-form-field valid not-required\" type=\"text\" name=\"comentarios-22512\" id=\"comentarios-22512\" value=\"\" placeholder=\"\" data-validate=\"\" data-key=\"comentarios\"  aria-invalid=\"false\" \/>\n\n\t\t\t\t\t\t<\/div><\/div><\/div><\/div>\n<!-- This file should primarily consist of HTML with a little bit of PHP. -->\n<div class=\"um-field um-field-type_terms_conditions\" data-key=\"use_terms_conditions_agreement\" style=\"display:block;padding:0;\">\n\t<div class=\"um-field-area\">\n\t\t<div class=\"um-gdpr-content\" style=\"display:none;\">\n\t\t\t\t\t<\/div>\n\t\t<a href=\"javascript:void(0);\" class=\"um-toggle-gdpr\" data-toggle-state=\"hidden\"\n\t\t\tdata-toggle-show=\"Por favor, confirma que est\u00e1s de acuerdo con nuestra pol\u00edtica de privacidad\"\n\t\t\tdata-toggle-hide=\"Por favor, confirma que est\u00e1s de acuerdo con nuestra pol\u00edtica de privacidad\">\n\t\t\tPor favor, confirma que est\u00e1s de acuerdo con nuestra pol\u00edtica de privacidad\t\t<\/a>\n\t<\/div>\n\t<div class=\"um-field-area\">\n\t\t<label class=\"um-field-checkbox\">\n\t\t\t<input type=\"checkbox\" name=\"use_gdpr_agreement\" value=\"1\">\n\t\t\t<span class=\"um-field-checkbox-state\"><i class=\"um-icon-android-checkbox-outline-blank\"><\/i><\/span>\n\t\t\t<span class=\"um-field-checkbox-option\">Al enviar este formulario, usted acepta que Duronco procese su informaci\u00f3n para evaluar su solicitud de Acceso Premium. La aprobaci\u00f3n y el tipo de acceso otorgado estar\u00e1n sujetos a nuestros criterios internos de elegibilidad y volumen de compra. Nos pondremos en contacto con usted en un plazo de 5 d\u00edas h\u00e1biles.<\/span>\n\t\t<\/label>\n\t\t<div class=\"um-clear\"><\/div>\n\t\t\t\t<div class=\"um-clear\"><\/div>\n\t<\/div>\n<\/div>\n\t<input type=\"hidden\" name=\"form_id\" id=\"form_id_22512\" value=\"22512\" \/>\n\t\t<p class=\"um_request_name\">\n\t\t<label for=\"um_request_22512\">Only fill in if you are not human<\/label>\n\t\t<input type=\"hidden\" name=\"um_request\" id=\"um_request_22512\" class=\"input\" value=\"\" size=\"25\" autocomplete=\"off\" \/>\n\t<\/p>\n\t<input type=\"hidden\" id=\"_wpnonce\" name=\"_wpnonce\" value=\"274d7e1166\" \/><input type=\"hidden\" name=\"_wp_http_referer\" value=\"\/en\/wp-json\/wp\/v2\/pages\/22530\" \/>\n\t<div class=\"um-col-alt\">\n\n\t\t\n\t\t\t<div class=\"um-left um-half\">\n\t\t\t\t<input type=\"submit\" value=\"Yesgn Up\" class=\"um-button\" id=\"um-submit-btn\" \/>\n\t\t\t<\/div>\n\t\t\t<div class=\"um-right um-half\">\n\t\t\t\t<a href=\"https:\/\/duronco.com\/en\/login\/\" class=\"um-button um-alt\">\n\t\t\t\t\tLog In\t\t\t\t<\/a>\n\t\t\t<\/div>\n\n\t\t\n\t\t<div class=\"um-clear\"><\/div>\n\n\t<\/div>\n\n\t\t\t<input type=\"hidden\" name=\"trp-form-language\" value=\"en\"\/><\/form>\n\t<\/div>\n<\/div>\n<style>\n\t\t\t.um-22512.um {\n\t\t\tmax-width: 450px;\n\t\t}\n\t\t<\/style>\n\n\n\n\n<p><\/p>","protected":false},"excerpt":{"rendered":"<p>Premium Customer Access Request \u2014 Duronco<\/p>","protected":false},"author":1,"featured_media":0,"parent":0,"menu_order":0,"comment_status":"closed","ping_status":"closed","template":"","meta":{"_joinchat":[],"footnotes":""},"class_list":["post-22530","page","type-page","status-publish","hentry"],"_links":{"self":[{"href":"https:\/\/duronco.com\/en\/wp-json\/wp\/v2\/pages\/22530","targetHints":{"allow":["GET"]}}],"collection":[{"href":"https:\/\/duronco.com\/en\/wp-json\/wp\/v2\/pages"}],"about":[{"href":"https:\/\/duronco.com\/en\/wp-json\/wp\/v2\/types\/page"}],"author":[{"embeddable":true,"href":"https:\/\/duronco.com\/en\/wp-json\/wp\/v2\/users\/1"}],"replies":[{"embeddable":true,"href":"https:\/\/duronco.com\/en\/wp-json\/wp\/v2\/comments?post=22530"}],"version-history":[{"count":7,"href":"https:\/\/duronco.com\/en\/wp-json\/wp\/v2\/pages\/22530\/revisions"}],"predecessor-version":[{"id":22939,"href":"https:\/\/duronco.com\/en\/wp-json\/wp\/v2\/pages\/22530\/revisions\/22939"}],"wp:attachment":[{"href":"https:\/\/duronco.com\/en\/wp-json\/wp\/v2\/media?parent=22530"}],"curies":[{"name":"wp","href":"https:\/\/api.w.org\/{rel}","templated":true}]}}