{"id":17910,"date":"2022-07-08T09:45:18","date_gmt":"2022-07-08T09:45:18","guid":{"rendered":"https:\/\/duronco.com\/?page_id=17910"},"modified":"2025-08-18T19:36:49","modified_gmt":"2025-08-18T19:36:49","slug":"blog-noticias","status":"publish","type":"page","link":"https:\/\/duronco.com\/en\/blog-noticias\/","title":{"rendered":"News"},"content":{"rendered":"<div data-elementor-type=\"wp-page\" data-elementor-id=\"17910\" class=\"elementor elementor-17910\" data-elementor-post-type=\"page\">\n\t\t\t\t\t\t<section class=\"elementor-section elementor-top-section elementor-element elementor-element-80ce6df elementor-section-boxed elementor-section-height-default elementor-section-height-default sc_fly_static\" data-id=\"80ce6df\" data-element_type=\"section\">\n\t\t\t\t\t\t<div class=\"elementor-container elementor-column-gap-extended\">\n\t\t\t\t\t<div class=\"elementor-column elementor-col-100 elementor-top-column elementor-element elementor-element-a3659ee sc_content_align_inherit sc_layouts_column_icons_position_left sc_fly_static\" data-id=\"a3659ee\" data-element_type=\"column\">\n\t\t\t<div class=\"elementor-widget-wrap elementor-element-populated\">\n\t\t\t\t\t\t<div class=\"elementor-element elementor-element-34eee84 sc_height_huge sc_fly_static elementor-widget elementor-widget-spacer\" data-id=\"34eee84\" data-element_type=\"widget\" data-widget_type=\"spacer.default\">\n\t\t\t\t<div class=\"elementor-widget-container\">\n\t\t\t\t\t\t\t<div class=\"elementor-spacer\">\n\t\t\t<div class=\"elementor-spacer-inner\"><\/div>\n\t\t<\/div>\n\t\t\t\t\t\t<\/div>\n\t\t\t\t<\/div>\n\t\t\t\t<div class=\"elementor-element elementor-element-6136064 sc_style_default sc_fly_static elementor-widget elementor-widget-trx_sc_blogger\" data-id=\"6136064\" data-element_type=\"widget\" data-widget_type=\"trx_sc_blogger.default\">\n\t\t\t\t<div class=\"elementor-widget-container\">\n\t\t\t\t\t<div \t\tclass=\"sc_blogger sc_blogger_default sc_blogger_default_classic_simple sc_item_filters_tabs_none alignnone\" ><div class=\"sc_blogger_columns_wrap sc_item_columns sc_item_posts_container trx_addons_columns_wrap columns_padding_bottom\" ><div class=\"trx_addons_column-1_3\"><div data-post-id=\"25199\" data-item-number=\"1\" class=\"sc_blogger_item sc_item_container post_container sc_blogger_item_default sc_blogger_item_default_classic_simple sc_blogger_item_odd sc_blogger_item_align_none post_format_standard sc_blogger_item_with_image sc_blogger_item_no_excerpt sc_blogger_item_on_plate sc_blogger_item_image_position_top post-25199 post type-post status-publish format-standard has-post-thumbnail hentry category-noticias tag-duronco tag-noticias tag-proteina\" ><div class=\"sc_blogger_item_body\"><div class=\"post_featured with_thumb hover_link sc_item_featured sc_blogger_item_featured\"><img fetchpriority=\"high\" decoding=\"async\" width=\"890\" height=\"664\" src=\"https:\/\/duronco.com\/wp-content\/uploads\/2025\/10\/Foodt-890x664.png\" class=\"attachment-agricola-thumb-square size-agricola-thumb-square wp-post-image\" alt=\"\" \/>\t\t\t\t\t\t<div class=\"mask\"><\/div>\n\t\t\t\t\t\t\t\t\t<a href=\"https:\/\/duronco.com\/en\/de-la-cocina-a-la-farmacia-el-impacto-de-los-superalimentos-proteicos-en-la-salud-fisica-2\/\"  aria-hidden=\"true\" class=\"link\"><\/a>\n\t\t\t<\/div><div class=\"sc_blogger_item_content entry-content\"><div class=\"post_meta sc_blogger_item_meta post_meta\"><span class=\"post_meta_item post_categories cat_sep\"><a href=\"https:\/\/duronco.com\/en\/category\/noticias\/\" rel=\"category tag\">News<\/a><\/span><span class=\"post_meta_item post_date\"><a href=\"https:\/\/duronco.com\/en\/de-la-cocina-a-la-farmacia-el-impacto-de-los-superalimentos-proteicos-en-la-salud-fisica-2\/\">October 21, 2025<\/a><\/span><\/div><h5 class=\"sc_blogger_item_title entry-title\" data-item-number=\"1\"><a href=\"https:\/\/duronco.com\/en\/de-la-cocina-a-la-farmacia-el-impacto-de-los-superalimentos-proteicos-en-la-salud-fisica-2\/\" rel=\"bookmark\">Duronco presente en la Expo Food Tech 2025<\/a><\/h5><\/div><!-- .entry-content --><\/div><!-- .sc_blogger_item_body --><\/div><!-- .sc_blogger_item --><\/div><div class=\"trx_addons_column-1_3\"><div data-post-id=\"18242\" data-item-number=\"2\" class=\"sc_blogger_item sc_item_container post_container sc_blogger_item_default sc_blogger_item_default_classic_simple sc_blogger_item_even sc_blogger_item_align_none post_format_standard sc_blogger_item_with_image sc_blogger_item_no_excerpt sc_blogger_item_on_plate sc_blogger_item_image_position_top post-18242 post type-post status-publish format-standard has-post-thumbnail hentry category-noticias tag-duronco tag-noticias tag-proteina\" ><div class=\"sc_blogger_item_body\"><div class=\"post_featured with_thumb hover_link sc_item_featured sc_blogger_item_featured\"><img decoding=\"async\" width=\"890\" height=\"664\" src=\"https:\/\/duronco.com\/wp-content\/uploads\/2022\/07\/Noticia-De-la-cocina-890x664.jpg\" class=\"attachment-agricola-thumb-square size-agricola-thumb-square wp-post-image\" alt=\"\" \/>\t\t\t\t\t\t<div class=\"mask\"><\/div>\n\t\t\t\t\t\t\t\t\t<a href=\"https:\/\/duronco.com\/en\/de-la-cocina-a-la-farmacia-el-impacto-de-los-superalimentos-proteicos-en-la-salud-fisica\/\"  aria-hidden=\"true\" class=\"link\"><\/a>\n\t\t\t<\/div><div class=\"sc_blogger_item_content entry-content\"><div class=\"post_meta sc_blogger_item_meta post_meta\"><span class=\"post_meta_item post_categories cat_sep\"><a href=\"https:\/\/duronco.com\/en\/category\/noticias\/\" rel=\"category tag\">News<\/a><\/span><span class=\"post_meta_item post_date\"><a href=\"https:\/\/duronco.com\/en\/de-la-cocina-a-la-farmacia-el-impacto-de-los-superalimentos-proteicos-en-la-salud-fisica\/\">September 10, 2025<\/a><\/span><\/div><h5 class=\"sc_blogger_item_title entry-title\" data-item-number=\"2\"><a href=\"https:\/\/duronco.com\/en\/de-la-cocina-a-la-farmacia-el-impacto-de-los-superalimentos-proteicos-en-la-salud-fisica\/\" rel=\"bookmark\">From the Kitchen to the Pharmacy: The Impact of Protein Superfoods on Physical Health<\/a><\/h5><\/div><!-- .entry-content --><\/div><!-- .sc_blogger_item_body --><\/div><!-- .sc_blogger_item --><\/div><div class=\"trx_addons_column-1_3\"><div data-post-id=\"17796\" data-item-number=\"3\" class=\"sc_blogger_item sc_item_container post_container sc_blogger_item_default sc_blogger_item_default_classic_simple sc_blogger_item_odd sc_blogger_item_align_none post_format_standard sc_blogger_item_with_image sc_blogger_item_no_excerpt sc_blogger_item_on_plate sc_blogger_item_image_position_top post-17796 post type-post status-publish format-standard has-post-thumbnail hentry category-noticias tag-duronco tag-natural tag-proteina tag-superfoods\" ><div class=\"sc_blogger_item_body\"><div class=\"post_featured with_thumb hover_link sc_item_featured sc_blogger_item_featured\"><img decoding=\"async\" width=\"890\" height=\"664\" src=\"https:\/\/duronco.com\/wp-content\/uploads\/2022\/07\/Noticia-El-lado-verde-890x664.jpg\" class=\"attachment-agricola-thumb-square size-agricola-thumb-square wp-post-image\" alt=\"\" \/>\t\t\t\t\t\t<div class=\"mask\"><\/div>\n\t\t\t\t\t\t\t\t\t<a href=\"https:\/\/duronco.com\/en\/el-lado-verde-de-la-proteina-como-los-superalimentos-proteicos-estan-redefiniendo-la-sostenibilidad-alimentaria\/\"  aria-hidden=\"true\" class=\"link\"><\/a>\n\t\t\t<\/div><div class=\"sc_blogger_item_content entry-content\"><div class=\"post_meta sc_blogger_item_meta post_meta\"><span class=\"post_meta_item post_categories cat_sep\"><a href=\"https:\/\/duronco.com\/en\/category\/noticias\/\" rel=\"category tag\">News<\/a><\/span><span class=\"post_meta_item post_date\"><a href=\"https:\/\/duronco.com\/en\/el-lado-verde-de-la-proteina-como-los-superalimentos-proteicos-estan-redefiniendo-la-sostenibilidad-alimentaria\/\">September 9, 2025<\/a><\/span><\/div><h5 class=\"sc_blogger_item_title entry-title\" data-item-number=\"3\"><a href=\"https:\/\/duronco.com\/en\/el-lado-verde-de-la-proteina-como-los-superalimentos-proteicos-estan-redefiniendo-la-sostenibilidad-alimentaria\/\" rel=\"bookmark\">The Green Side of Protein: How Protein Superfoods Are Redefining Food Sustainability<\/a><\/h5><\/div><!-- .entry-content --><\/div><!-- .sc_blogger_item_body --><\/div><!-- .sc_blogger_item --><\/div><div class=\"trx_addons_column-1_3\"><div data-post-id=\"2595\" data-item-number=\"4\" class=\"sc_blogger_item sc_item_container post_container sc_blogger_item_default sc_blogger_item_default_classic_simple sc_blogger_item_even sc_blogger_item_align_none post_format_audio sc_blogger_item_with_image sc_blogger_item_no_excerpt sc_blogger_item_on_plate sc_blogger_item_image_position_top post-2595 post type-post status-publish format-audio has-post-thumbnail hentry category-noticias tag-duronco tag-noticias tag-proteina post_format-post-format-audio\" ><div class=\"sc_blogger_item_body\"><div class=\"post_featured with_thumb hover_link sc_item_featured sc_blogger_item_featured\"><img loading=\"lazy\" decoding=\"async\" width=\"890\" height=\"664\" src=\"https:\/\/duronco.com\/wp-content\/uploads\/2020\/05\/noticia_3_noticias-890x664.jpg\" class=\"attachment-agricola-thumb-square size-agricola-thumb-square wp-post-image\" alt=\"\" \/>\t\t\t\t\t\t<div class=\"mask\"><\/div>\n\t\t\t\t\t\t\t\t\t<a href=\"https:\/\/duronco.com\/en\/el-auge-de-los-superalimentos-ricos-en-proteinas-una-inversion-en-tu-bienestar-diario\/\"  aria-hidden=\"true\" class=\"link\"><\/a>\n\t\t\t<\/div><div class=\"sc_blogger_item_content entry-content\"><div class=\"post_meta sc_blogger_item_meta post_meta\"><span class=\"post_meta_item post_categories cat_sep\"><a href=\"https:\/\/duronco.com\/en\/category\/noticias\/\" rel=\"category tag\">News<\/a><\/span><span class=\"post_meta_item post_date\"><a href=\"https:\/\/duronco.com\/en\/el-auge-de-los-superalimentos-ricos-en-proteinas-una-inversion-en-tu-bienestar-diario\/\">September 8, 2025<\/a><\/span><\/div><h5 class=\"sc_blogger_item_title entry-title\" data-item-number=\"4\"><a href=\"https:\/\/duronco.com\/en\/el-auge-de-los-superalimentos-ricos-en-proteinas-una-inversion-en-tu-bienestar-diario\/\" rel=\"bookmark\">The Rise of Protein-Rich Superfoods: An Investment in Your Daily Well-Being<\/a><\/h5><\/div><!-- .entry-content --><\/div><!-- .sc_blogger_item_body --><\/div><!-- .sc_blogger_item --><\/div><\/div><\/div>\t\t\t\t<\/div>\n\t\t\t\t<\/div>\n\t\t\t\t<div class=\"elementor-element elementor-element-9237bab sc_height_huge sc_fly_static elementor-widget elementor-widget-spacer\" data-id=\"9237bab\" data-element_type=\"widget\" data-widget_type=\"spacer.default\">\n\t\t\t\t<div class=\"elementor-widget-container\">\n\t\t\t\t\t\t\t<div class=\"elementor-spacer\">\n\t\t\t<div class=\"elementor-spacer-inner\"><\/div>\n\t\t<\/div>\n\t\t\t\t\t\t<\/div>\n\t\t\t\t<\/div>\n\t\t\t\t\t<\/div>\n\t\t<\/div>\n\t\t\t\t\t<\/div>\n\t\t<\/section>\n\t\t\t\t<\/div>","protected":false},"excerpt":{"rendered":"<p>Noticiasjulio 13, 2022 De la cocina a la farmacia: El impacto de los superalimentos proteicos en la salud f\u00edsica Noticiasjulio 6, 2022 El lado verde de la prote\u00edna: C\u00f3mo los&hellip;<\/p>","protected":false},"author":3,"featured_media":0,"parent":0,"menu_order":0,"comment_status":"closed","ping_status":"closed","template":"","meta":{"_joinchat":[],"footnotes":""},"class_list":["post-17910","page","type-page","status-publish","hentry"],"_links":{"self":[{"href":"https:\/\/duronco.com\/en\/wp-json\/wp\/v2\/pages\/17910","targetHints":{"allow":["GET"]}}],"collection":[{"href":"https:\/\/duronco.com\/en\/wp-json\/wp\/v2\/pages"}],"about":[{"href":"https:\/\/duronco.com\/en\/wp-json\/wp\/v2\/types\/page"}],"author":[{"embeddable":true,"href":"https:\/\/duronco.com\/en\/wp-json\/wp\/v2\/users\/3"}],"replies":[{"embeddable":true,"href":"https:\/\/duronco.com\/en\/wp-json\/wp\/v2\/comments?post=17910"}],"version-history":[{"count":4,"href":"https:\/\/duronco.com\/en\/wp-json\/wp\/v2\/pages\/17910\/revisions"}],"predecessor-version":[{"id":23250,"href":"https:\/\/duronco.com\/en\/wp-json\/wp\/v2\/pages\/17910\/revisions\/23250"}],"wp:attachment":[{"href":"https:\/\/duronco.com\/en\/wp-json\/wp\/v2\/media?parent=17910"}],"curies":[{"name":"wp","href":"https:\/\/api.w.org\/{rel}","templated":true}]}}