{"id":25349,"date":"2025-12-15T02:39:46","date_gmt":"2025-12-15T02:39:46","guid":{"rendered":"https:\/\/duronco.com\/?page_id=25349"},"modified":"2025-12-15T02:46:39","modified_gmt":"2025-12-15T02:46:39","slug":"politica-de-seguridad-alimentaria","status":"publish","type":"page","link":"http:\/\/duronco.com\/en\/politica-de-seguridad-alimentaria\/","title":{"rendered":"Pol\u00edtica de Seguridad Alimentaria"},"content":{"rendered":"<div data-elementor-type=\"wp-page\" data-elementor-id=\"25349\" class=\"elementor elementor-25349\" data-elementor-post-type=\"page\">\n\t\t\t\t\t\t<section class=\"elementor-section elementor-top-section elementor-element elementor-element-2b1184b0 elementor-section-boxed elementor-section-height-default elementor-section-height-default sc_fly_static\" data-id=\"2b1184b0\" data-element_type=\"section\" data-settings=\"{&quot;background_background&quot;:&quot;classic&quot;}\">\n\t\t\t\t\t\t<div class=\"elementor-container elementor-column-gap-extended\">\n\t\t\t\t\t<div class=\"elementor-column elementor-col-100 elementor-top-column elementor-element elementor-element-153e1c19 sc_content_align_inherit sc_layouts_column_icons_position_left sc_fly_static\" data-id=\"153e1c19\" data-element_type=\"column\">\n\t\t\t<div class=\"elementor-widget-wrap elementor-element-populated\">\n\t\t\t\t\t\t<div class=\"elementor-element elementor-element-54db29de sc_fly_static elementor-widget elementor-widget-text-editor\" data-id=\"54db29de\" data-element_type=\"widget\" data-widget_type=\"text-editor.default\">\n\t\t\t\t<div class=\"elementor-widget-container\">\n\t\t\t\t\t\t\t\t\t<p>La misi\u00f3n de Duronco empieza por ofrecer superfoods de la m\u00e1s alta calidad, aut\u00e9nticos, confiables y seguros. Por eso, asumimos con responsabilidad y convicci\u00f3n nuestro compromiso de garantizar la seguridad, calidad y legalidad de todos los productos que entregamos al mundo.<\/p><p><!-- \/wp:paragraph --><!-- wp:paragraph --><\/p><p>Nuestra operaci\u00f3n se basa en un Sistema de Gesti\u00f3n de Inocuidad Alimentaria robusto, que gu\u00eda nuestras acciones y establece la base para:<\/p><p><!-- \/wp:paragraph --><!-- wp:list --><\/p><ul class=\"wp-block-list\"><li style=\"list-style-type: none;\"><ul class=\"wp-block-list\"><!-- wp:list-item --><li>Cumplir rigurosamente con los requisitos legales, normativos, reglamentarios y contractuales en materia de calidad y seguridad alimentaria.<\/li><\/ul><\/li><\/ul><p><!-- \/wp:list-item --><!-- wp:list-item --><\/p><ul class=\"wp-block-list\"><li style=\"list-style-type: none;\"><ul class=\"wp-block-list\"><li>Fomentar una cultura organizacional s\u00f3lida, donde cada persona entienda su rol esencial en este compromiso colectivo de elaborar y comercializar alimentos seguros.<\/li><\/ul><\/li><\/ul><p><!-- \/wp:list-item --><!-- wp:list-item --><\/p><ul class=\"wp-block-list\"><li style=\"list-style-type: none;\"><ul class=\"wp-block-list\"><li>Evaluar constantemente nuestra cadena y nuestros procesos, con enfoque en elevar la excelencia y la mejora continua.<\/li><\/ul><\/li><\/ul><p><!-- \/wp:list-item --><!-- wp:list-item --><\/p><ul class=\"wp-block-list\"><li style=\"list-style-type: none;\"><ul class=\"wp-block-list\"><li>Prevenir riesgos que comprometan la seguridad de los alimentos, protegiendo la salud y promoviendo el bienestar de las personas que consumen nuestros productos.<\/li><\/ul><\/li><\/ul><p><!-- \/wp:list-item --><!-- wp:list-item --><\/p><ul class=\"wp-block-list\"><li style=\"list-style-type: none;\"><ul class=\"wp-block-list\"><li>Vemos la inocuidad como una actitud integral y compartida, que se vive desde el coraz\u00f3n de nuestra planta hasta cada rinc\u00f3n donde provienen y llegan nuestros productos.<\/li><\/ul><\/li><\/ul><p><!-- \/wp:list-item --><\/p><p><!-- \/wp:list --><!-- wp:paragraph --><\/p><p>Buscamos fomentarla en todos nuestros colaboradores, a trav\u00e9s de capacitaciones, tableros informativos, reconocimientos, reuniones y medios digitales, asegurando que todos la comprendan y la apliquen en sus acciones y decisiones diariamente.<\/p><p><!-- \/wp:paragraph --><!-- wp:paragraph --><\/p><p>Externamente, nos relacionamos con nuestros clientes, autoridades y partes interesadas con transparencia, precisi\u00f3n y profesionalismo en todo momento.<\/p><p><!-- \/wp:paragraph --><!-- wp:paragraph --><\/p><p>Trabajamos unidos y con pasi\u00f3n, para asegurar que cada producto de Duronco sea un reflejo de responsabilidad, confianza y respeto hacia quienes nutren su vida con lo que hacemos.<\/p><p><!-- \/wp:paragraph --><\/p>\t\t\t\t\t\t\t\t<\/div>\n\t\t\t\t<\/div>\n\t\t\t\t\t<\/div>\n\t\t<\/div>\n\t\t\t\t\t<\/div>\n\t\t<\/section>\n\t\t\t\t<\/div>","protected":false},"excerpt":{"rendered":"<p>La misi\u00f3n de Duronco empieza por ofrecer superfoods de la m\u00e1s alta calidad, aut\u00e9nticos, confiables y seguros. Por eso, asumimos con responsabilidad y convicci\u00f3n nuestro compromiso de garantizar la seguridad,&hellip;<\/p>","protected":false},"author":1,"featured_media":0,"parent":0,"menu_order":0,"comment_status":"closed","ping_status":"closed","template":"","meta":{"_joinchat":[],"footnotes":""},"class_list":["post-25349","page","type-page","status-publish","hentry"],"_links":{"self":[{"href":"http:\/\/duronco.com\/en\/wp-json\/wp\/v2\/pages\/25349","targetHints":{"allow":["GET"]}}],"collection":[{"href":"http:\/\/duronco.com\/en\/wp-json\/wp\/v2\/pages"}],"about":[{"href":"http:\/\/duronco.com\/en\/wp-json\/wp\/v2\/types\/page"}],"author":[{"embeddable":true,"href":"http:\/\/duronco.com\/en\/wp-json\/wp\/v2\/users\/1"}],"replies":[{"embeddable":true,"href":"http:\/\/duronco.com\/en\/wp-json\/wp\/v2\/comments?post=25349"}],"version-history":[{"count":4,"href":"http:\/\/duronco.com\/en\/wp-json\/wp\/v2\/pages\/25349\/revisions"}],"predecessor-version":[{"id":25355,"href":"http:\/\/duronco.com\/en\/wp-json\/wp\/v2\/pages\/25349\/revisions\/25355"}],"wp:attachment":[{"href":"http:\/\/duronco.com\/en\/wp-json\/wp\/v2\/media?parent=25349"}],"curies":[{"name":"wp","href":"https:\/\/api.w.org\/{rel}","templated":true}]}}